{"id":5809,"date":"2025-02-10T15:46:34","date_gmt":"2025-02-10T14:46:34","guid":{"rendered":"https:\/\/dintalang.se\/?page_id=5809"},"modified":"2026-03-24T10:15:23","modified_gmt":"2026-03-24T09:15:23","slug":"sami-industries","status":"publish","type":"page","link":"https:\/\/dintalang.se\/en\/sami-industries\/","title":{"rendered":"Sami Industries"},"content":{"rendered":"<p>[et_pb_section fb_built=&#8221;1&#8243; module_class=&#8221;white-font&#8221; _builder_version=&#8221;3.22.7&#8243; background_color=&#8221;#4CA686&#8243; collapsed=&#8221;off&#8221;][et_pb_row _builder_version=&#8221;3.25&#8243; max_width=&#8221;860px&#8221;][et_pb_column type=&#8221;4_4&#8243; _builder_version=&#8221;3.25&#8243; custom_padding=&#8221;|||&#8221; custom_padding__hover=&#8221;|||&#8221;][et_pb_text _builder_version=&#8221;4.6.5&#8243;]<\/p>\n<h1 style=\"text-align: center;\">Sami Industries Programme<\/h1>\n<p>[\/et_pb_text][et_pb_text _builder_version=&#8221;4.6.5&#8243;]<\/p>\n<p class=\"sv-font-ingress\" style=\"text-align: center;\">The Sami Industries Education is a vocational program for those who want to work in traditional Sami areas such as reindeer husbandry or handicrafts. The education is nationally recruiting. This means that students from all over the country can apply on the same terms. If you are interested in attending the Sami Industries Education, contact your study and career counselor.<\/p>\n<p>[\/et_pb_text][\/et_pb_column][\/et_pb_row][\/et_pb_section][et_pb_section fb_built=&#8221;1&#8243; module_class=&#8221;white-font&#8221; _builder_version=&#8221;4.6.5&#8243; background_color=&#8221;#FF6C0C&#8221; collapsed=&#8221;off&#8221;][et_pb_row _builder_version=&#8221;3.25&#8243; max_width=&#8221;960px&#8221;][et_pb_column type=&#8221;4_4&#8243; _builder_version=&#8221;3.25&#8243; custom_padding=&#8221;|||&#8221; custom_padding__hover=&#8221;|||&#8221;][et_pb_code _builder_version=&#8221;4.6.5&#8243; _module_preset=&#8221;default&#8221;]<iframe width=\"315\" height=\"560\"<!-- [et_pb_line_break_holder] -->src=&#8221;https:\/\/youtube.com\/embed\/ZLr1EcJRDWA?si=76F8IuD8HNe0g99C&#8221;<!-- [et_pb_line_break_holder] -->title=&#8221;YouTube video player&#8221;<!-- [et_pb_line_break_holder] -->frameborder=&#8221;0&#8243;<!-- [et_pb_line_break_holder] -->allow=&#8221;accelerometer; autoplay; clipboard-write; encrypted-media; gyroscope; picture-in-picture; web-share&#8221;<!-- [et_pb_line_break_holder] -->allowfullscreen><\/iframe>[\/et_pb_code][\/et_pb_column][\/et_pb_row][\/et_pb_section][et_pb_section fb_built=&#8221;1&#8243; module_class=&#8221;white-font medium-font&#8221; _builder_version=&#8221;4.6.5&#8243; background_color=&#8221;#0084AD&#8221; collapsed=&#8221;off&#8221;][et_pb_row _builder_version=&#8221;3.25&#8243; max_width=&#8221;840px&#8221;][et_pb_column type=&#8221;4_4&#8243; _builder_version=&#8221;3.25&#8243; custom_padding=&#8221;|||&#8221; custom_padding__hover=&#8221;|||&#8221;][et_pb_toggle title=&#8221;What You Will Learn&#8221; open_toggle_text_color=&#8221;#ffffff&#8221; closed_toggle_text_color=&#8221;#ffffff&#8221; icon_color=&#8221;#ffffff&#8221; use_icon_font_size=&#8221;on&#8221; icon_font_size=&#8221;31px&#8221; _builder_version=&#8221;4.6.5&#8243; _module_preset=&#8221;default&#8221; title_level=&#8221;h2&#8243; body_text_color=&#8221;#000000&#8243; background_color=&#8221;rgba(0,0,0,0)&#8221; text_orientation=&#8221;left&#8221; width=&#8221;100%&#8221; custom_margin=&#8221;|4px||-4px||&#8221; custom_padding=&#8221;|11px||5px||&#8221; border_width_all=&#8221;0px&#8221;]<\/p>\n<ul>\n<li>\n<p class=\"normal\">You will learn about S\u00e1mi culture and history, about reindeer and reindeer husbandry, about S\u00e1mi handicrafts in various materials, and about S\u00e1mi cooking. You will also develop your entrepreneurial skills from idea to finished product or service. The S\u00e1mi culture and identity are central throughout the education. You&#8217;ll also learn to work safely and sustainably as well as how to collaborate and communicate in S\u00e1mi and other languages.<\/p>\n<\/li>\n<li>Parts of the education take place at one or more workplaces for at least 15 weeks (Internship\/APL).<\/li>\n<\/ul>\n<p>[\/et_pb_toggle][\/et_pb_column][\/et_pb_row][\/et_pb_section][et_pb_section fb_built=&#8221;1&#8243; module_class=&#8221;white-font medium-font&#8221; _builder_version=&#8221;4.6.5&#8243; background_color=&#8221;#D51067&#8243; collapsed=&#8221;off&#8221;][et_pb_row _builder_version=&#8221;3.25&#8243; max_width=&#8221;840px&#8221;][et_pb_column type=&#8221;4_4&#8243; _builder_version=&#8221;3.25&#8243; custom_padding=&#8221;|||&#8221; custom_padding__hover=&#8221;|||&#8221;][et_pb_toggle title=&#8221;Example Jobs After High School:&#8221; open_toggle_text_color=&#8221;#ffffff&#8221; closed_toggle_text_color=&#8221;#ffffff&#8221; icon_color=&#8221;#ffffff&#8221; use_icon_font_size=&#8221;on&#8221; icon_font_size=&#8221;31px&#8221; _builder_version=&#8221;4.6.5&#8243; _module_preset=&#8221;default&#8221; title_level=&#8221;h2&#8243; body_text_color=&#8221;#000000&#8243; background_color=&#8221;rgba(0,0,0,0)&#8221; text_orientation=&#8221;left&#8221; width=&#8221;100%&#8221; custom_margin=&#8221;|4px||-4px||&#8221; custom_padding=&#8221;|11px||5px||&#8221; border_width_all=&#8221;0px&#8221;]<\/p>\n<ul>\n<li>Reindeer herder<\/li>\n<li>S\u00e1mi handicraft<\/li>\n<\/ul>\n<p>[\/et_pb_toggle][\/et_pb_column][\/et_pb_row][\/et_pb_section][et_pb_section fb_built=&#8221;1&#8243; module_class=&#8221;white-font medium-font&#8221; _builder_version=&#8221;4.6.5&#8243; background_color=&#8221;#4A0D66&#8243; collapsed=&#8221;off&#8221;][et_pb_row _builder_version=&#8221;3.25&#8243; max_width=&#8221;840px&#8221;][et_pb_column type=&#8221;4_4&#8243; _builder_version=&#8221;3.25&#8243; custom_padding=&#8221;|||&#8221; custom_padding__hover=&#8221;|||&#8221;][et_pb_toggle title=&#8221;Further Study?&#8221; open_toggle_text_color=&#8221;#ffffff&#8221; closed_toggle_text_color=&#8221;#ffffff&#8221; icon_color=&#8221;#ffffff&#8221; use_icon_font_size=&#8221;on&#8221; icon_font_size=&#8221;31px&#8221; _builder_version=&#8221;4.6.5&#8243; _module_preset=&#8221;default&#8221; title_level=&#8221;h2&#8243; body_text_color=&#8221;#000000&#8243; background_color=&#8221;rgba(0,0,0,0)&#8221; text_orientation=&#8221;left&#8221; width=&#8221;100%&#8221; custom_margin=&#8221;|4px||-4px||&#8221; custom_padding=&#8221;|11px||5px||&#8221; border_width_all=&#8221;0px&#8221;]<\/p>\n<p style=\"font-weight: 400;\">Do you want to continue studying at college or university after the program? This education allows you to meet basic university admission requirements and even certain specific requirements. After the program, you also have the opportunity to study at vocational and folk high schools.<\/p>\n<p>[\/et_pb_toggle][\/et_pb_column][\/et_pb_row][\/et_pb_section][et_pb_section fb_built=&#8221;1&#8243; module_class=&#8221;white-font&#8221; _builder_version=&#8221;4.6.5&#8243; background_color=&#8221;#003764&#8243; collapsed=&#8221;off&#8221;][et_pb_row _builder_version=&#8221;3.25&#8243; max_width=&#8221;960px&#8221;][et_pb_column type=&#8221;4_4&#8243; _builder_version=&#8221;3.25&#8243; custom_padding=&#8221;|||&#8221; custom_padding__hover=&#8221;|||&#8221;][et_pb_button button_url=&#8221;https:\/\/utbildningsguiden.skolverket.se\/gymnasieskolan\/gymnasieskolans-program\/utbildningen-samiska-naringar&#8221; button_text=&#8221;Read more about the program at Skolverket.se&#8221; button_alignment=&#8221;center&#8221; _builder_version=&#8221;4.6.5&#8243;][\/et_pb_button][\/et_pb_column][\/et_pb_row][\/et_pb_section]<\/p>\n","protected":false},"excerpt":{"rendered":"<p>[et_pb_section fb_built=&#8221;1&#8243; module_class=&#8221;white-font&#8221; _builder_version=&#8221;3.22.7&#8243; background_color=&#8221;#4CA686&#8243; collapsed=&#8221;off&#8221;][et_pb_row _builder_version=&#8221;3.25&#8243; max_width=&#8221;860px&#8221;][et_pb_column type=&#8221;4_4&#8243; _builder_version=&#8221;3.25&#8243; custom_padding=&#8221;|||&#8221; custom_padding__hover=&#8221;|||&#8221;][et_pb_text _builder_version=&#8221;4.6.5&#8243;] Sami Industries Programme [\/et_pb_text][et_pb_text _builder_version=&#8221;4.6.5&#8243;] The Sami Industries Education is a vocational program for those who want to work in traditional Sami areas such as reindeer husbandry or handicrafts. The education is nationally recruiting. This means that students from all over the [&hellip;]<\/p>\n","protected":false},"author":2,"featured_media":5886,"parent":0,"menu_order":0,"comment_status":"closed","ping_status":"closed","template":"","meta":{"_acf_changed":false,"_et_pb_use_builder":"on","_et_pb_old_content":"","_et_gb_content_width":"","editor_notices":[],"footnotes":""},"class_list":["post-5809","page","type-page","status-publish","has-post-thumbnail","hentry"],"acf":[],"_links":{"self":[{"href":"https:\/\/dintalang.se\/en\/wp-json\/wp\/v2\/pages\/5809","targetHints":{"allow":["GET"]}}],"collection":[{"href":"https:\/\/dintalang.se\/en\/wp-json\/wp\/v2\/pages"}],"about":[{"href":"https:\/\/dintalang.se\/en\/wp-json\/wp\/v2\/types\/page"}],"author":[{"embeddable":true,"href":"https:\/\/dintalang.se\/en\/wp-json\/wp\/v2\/users\/2"}],"replies":[{"embeddable":true,"href":"https:\/\/dintalang.se\/en\/wp-json\/wp\/v2\/comments?post=5809"}],"version-history":[{"count":12,"href":"https:\/\/dintalang.se\/en\/wp-json\/wp\/v2\/pages\/5809\/revisions"}],"predecessor-version":[{"id":6905,"href":"https:\/\/dintalang.se\/en\/wp-json\/wp\/v2\/pages\/5809\/revisions\/6905"}],"wp:featuredmedia":[{"embeddable":true,"href":"https:\/\/dintalang.se\/en\/wp-json\/wp\/v2\/media\/5886"}],"wp:attachment":[{"href":"https:\/\/dintalang.se\/en\/wp-json\/wp\/v2\/media?parent=5809"}],"curies":[{"name":"wp","href":"https:\/\/api.w.org\/{rel}","templated":true}]}}